{"id":158,"date":"2018-12-06T12:49:02","date_gmt":"2018-12-06T12:49:02","guid":{"rendered":"https:\/\/bristoltaxiairport.com\/?page_id=158"},"modified":"2025-08-03T14:10:39","modified_gmt":"2025-08-03T13:10:39","slug":"terms-conditions","status":"publish","type":"page","link":"https:\/\/bristoltaxiairport.com\/es\/terminos-y-condiciones\/","title":{"rendered":"Condiciones generales"},"content":{"rendered":"<div data-elementor-type=\"wp-post\" data-elementor-id=\"158\" class=\"elementor elementor-158\">\n\t\t\t\t\t\t<section class=\"elementor-section elementor-top-section elementor-element elementor-element-9690a79 elementor-section-boxed elementor-section-height-default elementor-section-height-default\" data-id=\"9690a79\" data-element_type=\"section\" data-e-type=\"section\" data-settings=\"{&quot;background_background&quot;:&quot;classic&quot;}\">\n\t\t\t\t\t\t\t<div class=\"elementor-background-overlay\"><\/div>\n\t\t\t\t\t\t\t<div class=\"elementor-container elementor-column-gap-default\">\n\t\t\t\t\t<div class=\"elementor-column elementor-col-100 elementor-top-column elementor-element elementor-element-69d31e9\" data-id=\"69d31e9\" data-element_type=\"column\" data-e-type=\"column\">\n\t\t\t<div class=\"elementor-widget-wrap elementor-element-populated\">\n\t\t\t\t\t\t<div class=\"elementor-element elementor-element-b3f3576 elementor-widget elementor-widget-image-box\" data-id=\"b3f3576\" data-element_type=\"widget\" data-e-type=\"widget\" data-widget_type=\"image-box.default\">\n\t\t\t\t<div class=\"elementor-widget-container\">\n\t\t\t\t\t<div class=\"elementor-image-box-wrapper\"><div class=\"elementor-image-box-content\"><h1 class=\"elementor-image-box-title\">Terms &amp; Conditions<\/h1><p class=\"elementor-image-box-description\">CONDICIONES GENERALES DE USO DE LA PLATAFORMA Y DEL SERVICIO BAJO EL NOMBRE COMERCIAL \"BRISTOL TAXI AIRPORT\".<\/p><\/div><\/div>\t\t\t\t<\/div>\n\t\t\t\t<\/div>\n\t\t\t\t\t<\/div>\n\t\t<\/div>\n\t\t\t\t\t<\/div>\n\t\t<\/section>\n\t\t\t\t<section class=\"elementor-section elementor-top-section elementor-element elementor-element-956eb93 elementor-section-content-top elementor-section-boxed elementor-section-height-default elementor-section-height-default\" data-id=\"956eb93\" data-element_type=\"section\" data-e-type=\"section\" data-settings=\"{&quot;background_background&quot;:&quot;classic&quot;,&quot;shape_divider_bottom&quot;:&quot;waves&quot;}\">\n\t\t\t\t\t<div class=\"elementor-shape elementor-shape-bottom\" aria-hidden=\"true\" data-negative=\"false\">\n\t\t\t<svg xmlns=\"http:\/\/www.w3.org\/2000\/svg\" viewbox=\"0 0 1000 100\" preserveaspectratio=\"none\">\n\t<path class=\"elementor-shape-fill\" d=\"M421.9,6.5c22.6-2.5,51.5,0.4,75.5,5.3c23.6,4.9,70.9,23.5,100.5,35.7c75.8,32.2,133.7,44.5,192.6,49.7\tc23.6,2.1,48.7,3.5,103.4-2.5c54.7-6,106.2-25.6,106.2-25.6V0H0v30.3c0,0,72,32.6,158.4,30.5c39.2-0.7,92.8-6.7,134-22.4\tc21.2-8.1,52.2-18.2,79.7-24.2C399.3,7.9,411.6,7.5,421.9,6.5z\"\/>\n<\/svg>\t\t<\/div>\n\t\t\t\t\t<div class=\"elementor-container elementor-column-gap-default\">\n\t\t\t\t\t<div class=\"elementor-column elementor-col-50 elementor-top-column elementor-element elementor-element-daf9452\" data-id=\"daf9452\" data-element_type=\"column\" data-e-type=\"column\">\n\t\t\t<div class=\"elementor-widget-wrap elementor-element-populated\">\n\t\t\t\t\t\t<div class=\"elementor-element elementor-element-8cd7d86 elementor-widget elementor-widget-html\" data-id=\"8cd7d86\" data-element_type=\"widget\" data-e-type=\"widget\" data-widget_type=\"html.default\">\n\t\t\t\t<div class=\"elementor-widget-container\">\n\t\t\t\t\t<script src=\"https:\/\/app.farebookings.com\/iframe-resizer\/iframeResizer.min.js\"><\/script><iframe id='myIframe' src=\"https:\/\/app.farebookings.com\/step1ssl.php?k=7775b69d250586d8d6808ab17e4193c2&s=f&d=pp&lng=gb\" width=\"100%\" height=\"2300px\" frameborder=\"0\" scrolling=\"no\"><\/iframe><script>iFrameResize({ log: true }, '#myIframe')<\/script>\t\t\t\t<\/div>\n\t\t\t\t<\/div>\n\t\t\t\t\t<\/div>\n\t\t<\/div>\n\t\t\t\t<div class=\"elementor-column elementor-col-50 elementor-top-column elementor-element elementor-element-d72c8c8\" data-id=\"d72c8c8\" data-element_type=\"column\" data-e-type=\"column\" data-settings=\"{&quot;background_background&quot;:&quot;classic&quot;}\">\n\t\t\t<div class=\"elementor-widget-wrap elementor-element-populated\">\n\t\t\t\t\t\t<div class=\"elementor-element elementor-element-3c4b297 elementor-widget__width-initial elementor-widget elementor-widget-text-editor\" data-id=\"3c4b297\" data-element_type=\"widget\" data-e-type=\"widget\" data-widget_type=\"text-editor.default\">\n\t\t\t\t<div class=\"elementor-widget-container\">\n\t\t\t\t\t\t\t\t\t<div><div>1. Confirmaci\u00f3n de reserva<\/div><p>\u00a0<\/p><div>Una vez realizado el pago, recibir\u00e1 autom\u00e1ticamente un correo electr\u00f3nico de confirmaci\u00f3n del viaje. Es su responsabilidad asegurarse de que los datos del viaje que nos ha facilitado son correctos.<\/div><p>\u00a0<\/p><div>Una vez que se haya asignado un conductor a su viaje, recibir\u00e1 manualmente un correo electr\u00f3nico de \"Detalles del viaje\" que incluir\u00e1 las instrucciones de recogida y el n\u00famero de contacto del conductor. bristoltaxiairport.com no se hace responsable si olvida traer o consultar esta informaci\u00f3n.<\/div><p>\u00a0<\/p><div>2. Responsabilidad por p\u00e9rdida de vuelos<\/div><p>\u00a0<\/p><div>bristoltaxiairport.com no se hace responsable de la p\u00e9rdida de vuelos bajo ninguna circunstancia, incluyendo pero no limitado a los retrasos de tr\u00e1fico, accidentes, aver\u00edas de veh\u00edculos, mal tiempo o imprevistos.<\/div><p>\u00a0<\/p><div>Se aconseja a los pasajeros que planifiquen su viaje para llegar al aeropuerto al menos 2 horas antes de la salida. La elecci\u00f3n de llegar con menos tiempo corre por cuenta y riesgo del pasajero.<\/div><p>\u00a0<\/p><div>3. Seguro de viaje y equipaje<\/div><p>\u00a0<\/p><div>Se recomienda a los pasajeros que dispongan de un seguro de viaje v\u00e1lido antes de reservar.<\/div><p>\u00a0<\/p><div>No se efectuar\u00e1 ning\u00fan reembolso si el pasajero no espera al conductor asignado y elige un transporte alternativo.<\/div><p>\u00a0<\/p><div>No aceptamos ninguna responsabilidad si el n\u00famero de pasajeros o equipaje supera la capacidad del veh\u00edculo reservado. Si no est\u00e1 seguro, p\u00f3ngase en contacto con nuestro servicio de atenci\u00f3n al cliente.<\/div><p>\u00a0<\/p><div>4. Informaci\u00f3n sobre retrasos y llegadas<\/div><p>\u00a0<\/p><div>Indique la fecha y hora de llegada al Reino Unido, no la de salida.<\/div><p>\u00a0<\/p><div>En caso de retrasos o cambios significativos en el vuelo, el cliente debe informar inmediatamente a nuestro equipo o al conductor asignado y asegurarse de recibir una confirmaci\u00f3n por nuestra parte. En caso contrario, bristoltaxiairport.com quedar\u00e1 eximida de cualquier responsabilidad relacionada con el retraso.<\/div><p>\u00a0<\/p><div>5. Parque de veh\u00edculos y socios<\/div><p>\u00a0<\/p><div>bristoltaxiairport.com utiliza sus propios veh\u00edculos siempre que es posible. En determinados casos, trabajamos con proveedores externos de confianza que cumplen nuestros elevados est\u00e1ndares de seguridad y profesionalidad.<\/div><p>\u00a0<\/p><div>6. Recargos por fiestas y acontecimientos especiales<\/div><p>\u00a0<\/p><div>Se aplica un recargo 50% entre:<\/div><p>\u00a0<\/p><div>Del 24 de diciembre a las 18:00 hasta el 26 de diciembre a las 23:59<\/div><p>\u00a0<\/p><div>Del 31 de diciembre a las 18.00 h. al 1 de enero a las 23.59 h.<\/div><p>\u00a0<\/p><div>Pueden aplicarse recargos adicionales en periodos de gran demanda o eventos especiales, que se comunicar\u00e1n con antelaci\u00f3n.<\/div><p>\u00a0<\/p><div>7. Precios y tipos de veh\u00edculos<\/div><p>\u00a0<\/p><div>Los precios se calculan autom\u00e1ticamente en funci\u00f3n de la distancia, la hora del d\u00eda y el n\u00famero de pasajeros.<\/div><p>\u00a0<\/p><div>Si el veh\u00edculo seleccionado no est\u00e1 disponible, nos reservamos el derecho de cambiarle a un veh\u00edculo de categor\u00eda superior sin coste adicional.<\/div><p>\u00a0<\/p><div>8. Tiempos de espera<\/div><p>\u00a0<\/p><div>Recogidas en el aeropuerto: Los primeros 60 minutos tras el aterrizaje son gratuitos. A partir de entonces:<\/div><p>\u00a0<\/p><div>Veh\u00edculos est\u00e1ndar (berlina): 30 \u00a3\/hora prorrateada<\/div><p>\u00a0<\/p><div>Ejecutivo o minib\u00fas: 50 \u00a3\/hora prorrateada<\/div><p>\u00a0<\/p><div>Todos los dem\u00e1s lugares: Se ofrece un per\u00edodo de gracia de 5 minutos. Entonces:<\/div><p>\u00a0<\/p><div>10 \u00a3 por 15 minutos de espera se aplica a todos los tipos de veh\u00edculos<\/div><p>\u00a0<\/p><div>9. Peajes y cambios de itinerario<\/div><p>\u00a0<\/p><div>Los peajes de los traslados al aeropuerto est\u00e1n incluidos en el precio indicado.<\/div><p>\u00a0<\/p><div>Cualquier cambio de destino o itinerario solicitado por el cliente puede dar lugar a un ajuste de la tarifa.<\/div><p>\u00a0<\/p><div>Si los cambios introducen peajes adicionales, \u00e9stos se a\u00f1adir\u00e1n al coste total.<\/div><p>\u00a0<\/p><div>10. Modificaciones<\/div><p>\u00a0<\/p><div>Todas las modificaciones de la reserva deben solicitarse por tel\u00e9fono o correo electr\u00f3nico y s\u00f3lo ser\u00e1n v\u00e1lidas una vez que reciba nuestra confirmaci\u00f3n.<\/div><p>\u00a0<\/p><div>Las modificaciones realizadas a trav\u00e9s del conductor no se aceptar\u00e1n ni se considerar\u00e1n v\u00e1lidas.<\/div><p>\u00a0<\/p><div>Si no recibe confirmaci\u00f3n del cambio solicitado, la reserva original seguir\u00e1 vigente.<\/div><p>\u00a0<\/p><div>11. Anulaciones y reembolsos<\/div><p>\u00a0<\/p><div>Se aceptan cancelaciones con un preaviso m\u00ednimo de 24 horas por correo electr\u00f3nico.<\/div><p>\u00a0<\/p><div>A cancellation is valid only once confirmed by us. If you do not receive confirmation, call our emergency line: <a href=\"tel:+447534990415\">+44 7534 990415<\/a>.<\/div><p>\u00a0<\/p><div>Se aplicar\u00e1 una tasa administrativa de 10 \u00a3 o 10% de la tarifa (lo que sea mayor).<\/div><p>\u00a0<\/p><div>No se admiten devoluciones por:<\/div><p>\u00a0<\/p><div>No se presenta<\/div><p>\u00a0<\/p><div>Cancelaciones con menos de 24 horas de antelaci\u00f3n<\/div><p>\u00a0<\/p><div>Los dem\u00e1s casos de devoluci\u00f3n deben dirigirse a nuestro equipo de atenci\u00f3n al cliente.<\/div><p>\u00a0<\/p><div>12. Protecci\u00f3n de datos<\/div><p>\u00a0<\/p><div>Respetamos tu privacidad y protegemos tus datos conforme a la normativa GDPR.<\/div><p>\u00a0<\/p><div>S\u00f3lo recogemos los datos necesarios para tramitar su reserva y prestarle el servicio.<\/div><p>\u00a0<\/p><div>Los datos s\u00f3lo podr\u00e1n compartirse con terceros cuando sea necesario para el servicio (por ejemplo, con su conductor).<\/div><p>\u00a0<\/p><div>Puede solicitar el acceso, la rectificaci\u00f3n o la supresi\u00f3n de sus datos en cualquier momento.<\/div><p>\u00a0<\/p><div>13. Limitaci\u00f3n de responsabilidad<\/div><p>\u00a0<\/p><div>bristoltaxiairport.com no se hace responsable de p\u00e9rdidas indirectas, incidentales o consecuentes. Nuestra responsabilidad se limita al importe pagado por el servicio en cuesti\u00f3n.<\/div><p>\u00a0<\/p><div>14. Fuerza mayor<\/div><p>\u00a0<\/p><div>No nos hacemos responsables de los retrasos o fallos en la prestaci\u00f3n de servicios causados por acontecimientos que escapen a nuestro control, como condiciones meteorol\u00f3gicas extremas, cat\u00e1strofes naturales, medidas gubernamentales, huelgas u otros casos de fuerza mayor.<\/div><p>\u00a0<\/p><div>Para cualquier consulta, p\u00f3ngase en contacto con nuestro equipo de asistencia en: info@bristoltaxiairport.com<\/div><\/div>\t\t\t\t\t\t\t\t<\/div>\n\t\t\t\t<\/div>\n\t\t\t\t\t<\/div>\n\t\t<\/div>\n\t\t\t\t\t<\/div>\n\t\t<\/section>\n\t\t\t\t<\/div>","protected":false},"excerpt":{"rendered":"<p>Terms &#038; Conditions GENERAL CONDITIONS OF USE OF THE PLATFORM &amp; SERVICE UNDER THE COMMERCIAL NAME \u201cBRISTOL TAXI AIRPORT\u201d \u20071.\u2060 \u2060Booking Confirmation \u00a0 Upon successful payment, you will automatically receive a &#8220;Journey Acknowledgement&#8221; email. It is your responsibility to ensure that the journey details provided to us are correct. \u00a0 Once a driver has been [&hellip;]<\/p>\n","protected":false},"author":1,"featured_media":0,"parent":0,"menu_order":0,"comment_status":"closed","ping_status":"closed","template":"","meta":{"_uag_custom_page_level_css":"","site-sidebar-layout":"no-sidebar","site-content-layout":"page-builder","ast-site-content-layout":"default","site-content-style":"default","site-sidebar-style":"default","ast-global-header-display":"","ast-banner-title-visibility":"","ast-main-header-display":"","ast-hfb-above-header-display":"","ast-hfb-below-header-display":"","ast-hfb-mobile-header-display":"","site-post-title":"disabled","ast-breadcrumbs-content":"","ast-featured-img":"disabled","footer-sml-layout":"","ast-disable-related-posts":"","theme-transparent-header-meta":"enabled","adv-header-id-meta":"","stick-header-meta":"","header-above-stick-meta":"","header-main-stick-meta":"","header-below-stick-meta":"","astra-migrate-meta-layouts":"default","ast-page-background-enabled":"default","ast-page-background-meta":{"desktop":{"background-color":"var(--ast-global-color-4)","background-image":"","background-repeat":"repeat","background-position":"center center","background-size":"auto","background-attachment":"scroll","background-type":"","background-media":"","overlay-type":"","overlay-color":"","overlay-opacity":"","overlay-gradient":""},"tablet":{"background-color":"","background-image":"","background-repeat":"repeat","background-position":"center center","background-size":"auto","background-attachment":"scroll","background-type":"","background-media":"","overlay-type":"","overlay-color":"","overlay-opacity":"","overlay-gradient":""},"mobile":{"background-color":"","background-image":"","background-repeat":"repeat","background-position":"center center","background-size":"auto","background-attachment":"scroll","background-type":"","background-media":"","overlay-type":"","overlay-color":"","overlay-opacity":"","overlay-gradient":""}},"ast-content-background-meta":{"desktop":{"background-color":"var(--ast-global-color-5)","background-image":"","background-repeat":"repeat","background-position":"center center","background-size":"auto","background-attachment":"scroll","background-type":"","background-media":"","overlay-type":"","overlay-color":"","overlay-opacity":"","overlay-gradient":""},"tablet":{"background-color":"var(--ast-global-color-5)","background-image":"","background-repeat":"repeat","background-position":"center center","background-size":"auto","background-attachment":"scroll","background-type":"","background-media":"","overlay-type":"","overlay-color":"","overlay-opacity":"","overlay-gradient":""},"mobile":{"background-color":"var(--ast-global-color-5)","background-image":"","background-repeat":"repeat","background-position":"center center","background-size":"auto","background-attachment":"scroll","background-type":"","background-media":"","overlay-type":"","overlay-color":"","overlay-opacity":"","overlay-gradient":""}},"footnotes":""},"class_list":["post-158","page","type-page","status-publish","hentry"],"uagb_featured_image_src":{"full":false,"thumbnail":false,"medium":false,"medium_large":false,"large":false,"1536x1536":false,"2048x2048":false,"trp-custom-language-flag":false},"uagb_author_info":{"display_name":"admin","author_link":"https:\/\/bristoltaxiairport.com\/es\/author\/farebookingsgmail-com\/"},"uagb_comment_info":0,"uagb_excerpt":"Terms &#038; Conditions GENERAL CONDITIONS OF USE OF THE PLATFORM &amp; SERVICE UNDER THE COMMERCIAL NAME \u201cBRISTOL TAXI AIRPORT\u201d \u20071.\u2060 \u2060Booking Confirmation \u00a0 Upon successful payment, you will automatically receive a &#8220;Journey Acknowledgement&#8221; email. It is your responsibility to ensure that the journey details provided to us are correct. \u00a0 Once a driver has been&hellip;","_links":{"self":[{"href":"https:\/\/bristoltaxiairport.com\/es\/wp-json\/wp\/v2\/pages\/158","targetHints":{"allow":["GET"]}}],"collection":[{"href":"https:\/\/bristoltaxiairport.com\/es\/wp-json\/wp\/v2\/pages"}],"about":[{"href":"https:\/\/bristoltaxiairport.com\/es\/wp-json\/wp\/v2\/types\/page"}],"author":[{"embeddable":true,"href":"https:\/\/bristoltaxiairport.com\/es\/wp-json\/wp\/v2\/users\/1"}],"replies":[{"embeddable":true,"href":"https:\/\/bristoltaxiairport.com\/es\/wp-json\/wp\/v2\/comments?post=158"}],"version-history":[{"count":75,"href":"https:\/\/bristoltaxiairport.com\/es\/wp-json\/wp\/v2\/pages\/158\/revisions"}],"predecessor-version":[{"id":26235,"href":"https:\/\/bristoltaxiairport.com\/es\/wp-json\/wp\/v2\/pages\/158\/revisions\/26235"}],"wp:attachment":[{"href":"https:\/\/bristoltaxiairport.com\/es\/wp-json\/wp\/v2\/media?parent=158"}],"curies":[{"name":"wp","href":"https:\/\/api.w.org\/{rel}","templated":true}]}}