{"id":158,"date":"2018-12-06T12:49:02","date_gmt":"2018-12-06T12:49:02","guid":{"rendered":"https:\/\/bristoltaxiairport.com\/?page_id=158"},"modified":"2025-08-03T14:10:39","modified_gmt":"2025-08-03T13:10:39","slug":"terms-conditions","status":"publish","type":"page","link":"https:\/\/bristoltaxiairport.com\/fr\/termes-conditions\/","title":{"rendered":"Conditions g\u00e9n\u00e9rales d'utilisation"},"content":{"rendered":"<div data-elementor-type=\"wp-post\" data-elementor-id=\"158\" class=\"elementor elementor-158\">\n\t\t\t\t\t\t<section class=\"elementor-section elementor-top-section elementor-element elementor-element-9690a79 elementor-section-boxed elementor-section-height-default elementor-section-height-default\" data-id=\"9690a79\" data-element_type=\"section\" data-e-type=\"section\" data-settings=\"{&quot;background_background&quot;:&quot;classic&quot;}\">\n\t\t\t\t\t\t\t<div class=\"elementor-background-overlay\"><\/div>\n\t\t\t\t\t\t\t<div class=\"elementor-container elementor-column-gap-default\">\n\t\t\t\t\t<div class=\"elementor-column elementor-col-100 elementor-top-column elementor-element elementor-element-69d31e9\" data-id=\"69d31e9\" data-element_type=\"column\" data-e-type=\"column\">\n\t\t\t<div class=\"elementor-widget-wrap elementor-element-populated\">\n\t\t\t\t\t\t<div class=\"elementor-element elementor-element-b3f3576 elementor-widget elementor-widget-image-box\" data-id=\"b3f3576\" data-element_type=\"widget\" data-e-type=\"widget\" data-widget_type=\"image-box.default\">\n\t\t\t\t<div class=\"elementor-widget-container\">\n\t\t\t\t\t<div class=\"elementor-image-box-wrapper\"><div class=\"elementor-image-box-content\"><h1 class=\"elementor-image-box-title\">Terms &amp; Conditions<\/h1><p class=\"elementor-image-box-description\">CONDITIONS GENERALES D'UTILISATION DE LA PLATEFORME ET DU SERVICE SOUS LE NOM COMMERCIAL \"BRISTOL TAXI AIRPORT\"<\/p><\/div><\/div>\t\t\t\t<\/div>\n\t\t\t\t<\/div>\n\t\t\t\t\t<\/div>\n\t\t<\/div>\n\t\t\t\t\t<\/div>\n\t\t<\/section>\n\t\t\t\t<section class=\"elementor-section elementor-top-section elementor-element elementor-element-956eb93 elementor-section-content-top elementor-section-boxed elementor-section-height-default elementor-section-height-default\" data-id=\"956eb93\" data-element_type=\"section\" data-e-type=\"section\" data-settings=\"{&quot;background_background&quot;:&quot;classic&quot;,&quot;shape_divider_bottom&quot;:&quot;waves&quot;}\">\n\t\t\t\t\t<div class=\"elementor-shape elementor-shape-bottom\" aria-hidden=\"true\" data-negative=\"false\">\n\t\t\t<svg xmlns=\"http:\/\/www.w3.org\/2000\/svg\" viewbox=\"0 0 1000 100\" preserveaspectratio=\"none\">\n\t<path class=\"elementor-shape-fill\" d=\"M421.9,6.5c22.6-2.5,51.5,0.4,75.5,5.3c23.6,4.9,70.9,23.5,100.5,35.7c75.8,32.2,133.7,44.5,192.6,49.7\tc23.6,2.1,48.7,3.5,103.4-2.5c54.7-6,106.2-25.6,106.2-25.6V0H0v30.3c0,0,72,32.6,158.4,30.5c39.2-0.7,92.8-6.7,134-22.4\tc21.2-8.1,52.2-18.2,79.7-24.2C399.3,7.9,411.6,7.5,421.9,6.5z\"\/>\n<\/svg>\t\t<\/div>\n\t\t\t\t\t<div class=\"elementor-container elementor-column-gap-default\">\n\t\t\t\t\t<div class=\"elementor-column elementor-col-50 elementor-top-column elementor-element elementor-element-daf9452\" data-id=\"daf9452\" data-element_type=\"column\" data-e-type=\"column\">\n\t\t\t<div class=\"elementor-widget-wrap elementor-element-populated\">\n\t\t\t\t\t\t<div class=\"elementor-element elementor-element-8cd7d86 elementor-widget elementor-widget-html\" data-id=\"8cd7d86\" data-element_type=\"widget\" data-e-type=\"widget\" data-widget_type=\"html.default\">\n\t\t\t\t<div class=\"elementor-widget-container\">\n\t\t\t\t\t<script src=\"https:\/\/app.farebookings.com\/iframe-resizer\/iframeResizer.min.js\"><\/script><iframe id='myIframe' src=\"https:\/\/app.farebookings.com\/step1ssl.php?k=7775b69d250586d8d6808ab17e4193c2&s=f&d=pp&lng=gb\" width=\"100%\" height=\"2300px\" frameborder=\"0\" scrolling=\"no\"><\/iframe><script>iFrameResize({ log: true }, '#myIframe')<\/script>\t\t\t\t<\/div>\n\t\t\t\t<\/div>\n\t\t\t\t\t<\/div>\n\t\t<\/div>\n\t\t\t\t<div class=\"elementor-column elementor-col-50 elementor-top-column elementor-element elementor-element-d72c8c8\" data-id=\"d72c8c8\" data-element_type=\"column\" data-e-type=\"column\" data-settings=\"{&quot;background_background&quot;:&quot;classic&quot;}\">\n\t\t\t<div class=\"elementor-widget-wrap elementor-element-populated\">\n\t\t\t\t\t\t<div class=\"elementor-element elementor-element-3c4b297 elementor-widget__width-initial elementor-widget elementor-widget-text-editor\" data-id=\"3c4b297\" data-element_type=\"widget\" data-e-type=\"widget\" data-widget_type=\"text-editor.default\">\n\t\t\t\t<div class=\"elementor-widget-container\">\n\t\t\t\t\t\t\t\t\t<div><div>1) Confirmation de r\u00e9servation<\/div><p>\u00a0<\/p><div>Une fois le paiement effectu\u00e9, vous recevrez automatiquement un courriel de \"confirmation de voyage\". Il est de votre responsabilit\u00e9 de vous assurer que les d\u00e9tails du voyage que vous nous avez fournis sont corrects.<\/div><p>\u00a0<\/p><div>Une fois qu'un chauffeur a \u00e9t\u00e9 assign\u00e9 \u00e0 votre trajet, vous recevrez manuellement un courriel \"D\u00e9tails du trajet\" comprenant les instructions de prise en charge et le num\u00e9ro de contact du chauffeur. bristoltaxiairport.com n'est pas responsable si vous oubliez d'apporter ou de consulter ces informations.<\/div><p>\u00a0<\/p><div>2) Responsabilit\u00e9 des vols manqu\u00e9s<\/div><p>\u00a0<\/p><div>bristoltaxiairport.com n'est pas responsable des vols manqu\u00e9s, quelles que soient les circonstances, y compris, mais sans s'y limiter, les retards dus au trafic, les accidents, les pannes de v\u00e9hicules, les conditions m\u00e9t\u00e9orologiques difficiles ou les \u00e9v\u00e9nements impr\u00e9vus.<\/div><p>\u00a0<\/p><div>Il est conseill\u00e9 aux passagers de planifier leur voyage de mani\u00e8re \u00e0 arriver \u00e0 l'a\u00e9roport au moins deux heures avant le d\u00e9part. Le fait d'arriver plus t\u00f4t est aux risques et p\u00e9rils du passager.<\/div><p>\u00a0<\/p><div>3. l'assurance voyage et les bagages<\/div><p>\u00a0<\/p><div>Il est conseill\u00e9 aux passagers de se munir d'une assurance voyage valide avant de r\u00e9server.<\/div><p>\u00a0<\/p><div>Aucun remboursement ne sera effectu\u00e9 si le passager n'attend pas le conducteur assign\u00e9 et choisit un autre moyen de transport.<\/div><p>\u00a0<\/p><div>Nous n'acceptons aucune responsabilit\u00e9 si le nombre de passagers ou de bagages d\u00e9passe la capacit\u00e9 du v\u00e9hicule r\u00e9serv\u00e9. Veuillez contacter notre service client\u00e8le en cas de doute.<\/div><p>\u00a0<\/p><div>4) Retards des vols et informations sur les arriv\u00e9es<\/div><p>\u00a0<\/p><div>Veuillez indiquer votre heure et votre date d'arriv\u00e9e au Royaume-Uni, et non votre heure de d\u00e9part.<\/div><p>\u00a0<\/p><div>En cas de retard ou de changement de vol important, le client doit imm\u00e9diatement informer notre \u00e9quipe ou le chauffeur assign\u00e9 et s'assurer qu'il re\u00e7oit une confirmation de notre part. Le non-respect de cette obligation d\u00e9gage bristoltaxiairport.com de toute responsabilit\u00e9 li\u00e9e au retard.<\/div><p>\u00a0<\/p><div>5. flotte de v\u00e9hicules et partenaires<\/div><p>\u00a0<\/p><div>bristoltaxiairport.com utilise ses propres v\u00e9hicules dans la mesure du possible. Dans certains cas, nous travaillons avec des fournisseurs tiers de confiance qui r\u00e9pondent \u00e0 nos normes \u00e9lev\u00e9es de s\u00e9curit\u00e9 et de professionnalisme.<\/div><p>\u00a0<\/p><div>6. suppl\u00e9ments pour les jours f\u00e9ri\u00e9s et les \u00e9v\u00e9nements sp\u00e9ciaux<\/div><p>\u00a0<\/p><div>Un suppl\u00e9ment 50% s'applique entre :<\/div><p>\u00a0<\/p><div>24 d\u00e9cembre 18:00 au 26 d\u00e9cembre 23:59<\/div><p>\u00a0<\/p><div>31 d\u00e9cembre 18:00 au 1 janvier 23:59<\/div><p>\u00a0<\/p><div>Des suppl\u00e9ments peuvent \u00eatre appliqu\u00e9s pendant les p\u00e9riodes de forte demande ou lors d'\u00e9v\u00e9nements sp\u00e9ciaux et seront communiqu\u00e9s \u00e0 l'avance.<\/div><p>\u00a0<\/p><div>7. tarification et types de v\u00e9hicules<\/div><p>\u00a0<\/p><div>Les prix sont calcul\u00e9s automatiquement en fonction de la distance, de l'heure et du nombre de passagers.<\/div><p>\u00a0<\/p><div>Si le v\u00e9hicule choisi n'est pas disponible, nous nous r\u00e9servons le droit de vous proposer un v\u00e9hicule de cat\u00e9gorie sup\u00e9rieure sans frais suppl\u00e9mentaires.<\/div><p>\u00a0<\/p><div>8. les temps d'attente<\/div><p>\u00a0<\/p><div>Prise en charge \u00e0 l'a\u00e9roport : Les 60 premi\u00e8res minutes apr\u00e8s l'atterrissage sont gratuites. Par la suite :<\/div><p>\u00a0<\/p><div>V\u00e9hicules standard (berline) : 30 \u00a3\/heure au prorata<\/div><p>\u00a0<\/p><div>V\u00e9hicule de fonction ou minibus : 50 \u00a3\/heure pro rata<\/div><p>\u00a0<\/p><div>Tous les autres lieux : Un d\u00e9lai de gr\u00e2ce de 5 minutes est offert. Ensuite :<\/div><p>\u00a0<\/p><div>10 \u00a3 par quart d'heure d'attente pour tous les types de v\u00e9hicules<\/div><p>\u00a0<\/p><div>9. les p\u00e9ages et les changements d'itin\u00e9raires<\/div><p>\u00a0<\/p><div>Les p\u00e9ages pour les transferts a\u00e9roportuaires sont inclus dans le prix indiqu\u00e9.<\/div><p>\u00a0<\/p><div>Tout changement de destination ou d'itin\u00e9raire demand\u00e9 par le client peut entra\u00eener un ajustement tarifaire.<\/div><p>\u00a0<\/p><div>Si des modifications introduisent des p\u00e9ages suppl\u00e9mentaires, ceux-ci seront ajout\u00e9s au co\u00fbt total.<\/div><p>\u00a0<\/p><div>10. amendements<\/div><p>\u00a0<\/p><div>Toutes les modifications de r\u00e9servation doivent \u00eatre demand\u00e9es par t\u00e9l\u00e9phone ou par courrier \u00e9lectronique et ne sont valables qu'apr\u00e8s r\u00e9ception d'une confirmation de notre part.<\/div><p>\u00a0<\/p><div>Les modifications apport\u00e9es par l'interm\u00e9diaire du conducteur ne sont pas accept\u00e9es ni consid\u00e9r\u00e9es comme valables.<\/div><p>\u00a0<\/p><div>Si vous ne recevez pas de confirmation de la modification demand\u00e9e, la r\u00e9servation initiale reste en vigueur.<\/div><p>\u00a0<\/p><div>11. annulations et remboursements<\/div><p>\u00a0<\/p><div>Les annulations sont accept\u00e9es avec un pr\u00e9avis d'au moins 24 heures par courrier \u00e9lectronique.<\/div><p>\u00a0<\/p><div>A cancellation is valid only once confirmed by us. If you do not receive confirmation, call our emergency line: <a href=\"tel:+447534990415\">+44 7534 990415<\/a>.<\/div><p>\u00a0<\/p><div>Des frais administratifs de 10 \u00a3 ou 10% du tarif (le montant le plus \u00e9lev\u00e9 \u00e9tant retenu) seront appliqu\u00e9s.<\/div><p>\u00a0<\/p><div>Pas de remboursement pour :<\/div><p>\u00a0<\/p><div>Absences<\/div><p>\u00a0<\/p><div>Annulation avec un pr\u00e9avis de moins de 24 heures<\/div><p>\u00a0<\/p><div>Les autres cas de remboursement doivent \u00eatre adress\u00e9s \u00e0 notre service client\u00e8le.<\/div><p>\u00a0<\/p><div>12. protection des donn\u00e9es<\/div><p>\u00a0<\/p><div>Nous respectons votre vie priv\u00e9e et prot\u00e9geons vos donn\u00e9es en vertu de la r\u00e9glementation GDPR.<\/div><p>\u00a0<\/p><div>Nous ne recueillons que les donn\u00e9es n\u00e9cessaires au traitement de votre r\u00e9servation et \u00e0 la fourniture du service.<\/div><p>\u00a0<\/p><div>Les donn\u00e9es peuvent \u00eatre partag\u00e9es avec des tiers uniquement lorsque cela est n\u00e9cessaire pour le service (par exemple avec votre chauffeur).<\/div><p>\u00a0<\/p><div>Vous pouvez \u00e0 tout moment demander l'acc\u00e8s, la correction ou la suppression de vos donn\u00e9es.<\/div><p>\u00a0<\/p><div>13. limitation de la responsabilit\u00e9<\/div><p>\u00a0<\/p><div>bristoltaxiairport.com n'est pas responsable des pertes indirectes, accessoires ou cons\u00e9cutives. Notre responsabilit\u00e9 est limit\u00e9e au montant pay\u00e9 pour le service en question.<\/div><p>\u00a0<\/p><div>14. force majeure<\/div><p>\u00a0<\/p><div>Nous ne sommes pas responsables des retards ou des d\u00e9faillances dans la fourniture des services caus\u00e9s par des \u00e9v\u00e9nements ind\u00e9pendants de notre volont\u00e9, tels que des conditions m\u00e9t\u00e9orologiques extr\u00eames, des catastrophes naturelles, des mesures gouvernementales, des gr\u00e8ves ou d'autres \u00e9v\u00e9nements de force majeure.<\/div><p>\u00a0<\/p><div>Pour toute question, veuillez contacter notre \u00e9quipe d'assistance \u00e0 l'adresse suivante : info@bristoltaxiairport.com<\/div><\/div>\t\t\t\t\t\t\t\t<\/div>\n\t\t\t\t<\/div>\n\t\t\t\t\t<\/div>\n\t\t<\/div>\n\t\t\t\t\t<\/div>\n\t\t<\/section>\n\t\t\t\t<\/div>","protected":false},"excerpt":{"rendered":"<p>Terms &#038; Conditions GENERAL CONDITIONS OF USE OF THE PLATFORM &amp; SERVICE UNDER THE COMMERCIAL NAME \u201cBRISTOL TAXI AIRPORT\u201d \u20071.\u2060 \u2060Booking Confirmation \u00a0 Upon successful payment, you will automatically receive a &#8220;Journey Acknowledgement&#8221; email. It is your responsibility to ensure that the journey details provided to us are correct. \u00a0 Once a driver has been [&hellip;]<\/p>\n","protected":false},"author":1,"featured_media":0,"parent":0,"menu_order":0,"comment_status":"closed","ping_status":"closed","template":"","meta":{"_uag_custom_page_level_css":"","site-sidebar-layout":"no-sidebar","site-content-layout":"page-builder","ast-site-content-layout":"default","site-content-style":"default","site-sidebar-style":"default","ast-global-header-display":"","ast-banner-title-visibility":"","ast-main-header-display":"","ast-hfb-above-header-display":"","ast-hfb-below-header-display":"","ast-hfb-mobile-header-display":"","site-post-title":"disabled","ast-breadcrumbs-content":"","ast-featured-img":"disabled","footer-sml-layout":"","ast-disable-related-posts":"","theme-transparent-header-meta":"enabled","adv-header-id-meta":"","stick-header-meta":"","header-above-stick-meta":"","header-main-stick-meta":"","header-below-stick-meta":"","astra-migrate-meta-layouts":"default","ast-page-background-enabled":"default","ast-page-background-meta":{"desktop":{"background-color":"var(--ast-global-color-4)","background-image":"","background-repeat":"repeat","background-position":"center center","background-size":"auto","background-attachment":"scroll","background-type":"","background-media":"","overlay-type":"","overlay-color":"","overlay-opacity":"","overlay-gradient":""},"tablet":{"background-color":"","background-image":"","background-repeat":"repeat","background-position":"center center","background-size":"auto","background-attachment":"scroll","background-type":"","background-media":"","overlay-type":"","overlay-color":"","overlay-opacity":"","overlay-gradient":""},"mobile":{"background-color":"","background-image":"","background-repeat":"repeat","background-position":"center center","background-size":"auto","background-attachment":"scroll","background-type":"","background-media":"","overlay-type":"","overlay-color":"","overlay-opacity":"","overlay-gradient":""}},"ast-content-background-meta":{"desktop":{"background-color":"var(--ast-global-color-5)","background-image":"","background-repeat":"repeat","background-position":"center center","background-size":"auto","background-attachment":"scroll","background-type":"","background-media":"","overlay-type":"","overlay-color":"","overlay-opacity":"","overlay-gradient":""},"tablet":{"background-color":"var(--ast-global-color-5)","background-image":"","background-repeat":"repeat","background-position":"center center","background-size":"auto","background-attachment":"scroll","background-type":"","background-media":"","overlay-type":"","overlay-color":"","overlay-opacity":"","overlay-gradient":""},"mobile":{"background-color":"var(--ast-global-color-5)","background-image":"","background-repeat":"repeat","background-position":"center center","background-size":"auto","background-attachment":"scroll","background-type":"","background-media":"","overlay-type":"","overlay-color":"","overlay-opacity":"","overlay-gradient":""}},"footnotes":""},"class_list":["post-158","page","type-page","status-publish","hentry"],"uagb_featured_image_src":{"full":false,"thumbnail":false,"medium":false,"medium_large":false,"large":false,"1536x1536":false,"2048x2048":false,"trp-custom-language-flag":false},"uagb_author_info":{"display_name":"admin","author_link":"https:\/\/bristoltaxiairport.com\/fr\/author\/farebookingsgmail-com\/"},"uagb_comment_info":0,"uagb_excerpt":"Terms &#038; Conditions GENERAL CONDITIONS OF USE OF THE PLATFORM &amp; SERVICE UNDER THE COMMERCIAL NAME \u201cBRISTOL TAXI AIRPORT\u201d \u20071.\u2060 \u2060Booking Confirmation \u00a0 Upon successful payment, you will automatically receive a &#8220;Journey Acknowledgement&#8221; email. It is your responsibility to ensure that the journey details provided to us are correct. \u00a0 Once a driver has been\u2026","_links":{"self":[{"href":"https:\/\/bristoltaxiairport.com\/fr\/wp-json\/wp\/v2\/pages\/158","targetHints":{"allow":["GET"]}}],"collection":[{"href":"https:\/\/bristoltaxiairport.com\/fr\/wp-json\/wp\/v2\/pages"}],"about":[{"href":"https:\/\/bristoltaxiairport.com\/fr\/wp-json\/wp\/v2\/types\/page"}],"author":[{"embeddable":true,"href":"https:\/\/bristoltaxiairport.com\/fr\/wp-json\/wp\/v2\/users\/1"}],"replies":[{"embeddable":true,"href":"https:\/\/bristoltaxiairport.com\/fr\/wp-json\/wp\/v2\/comments?post=158"}],"version-history":[{"count":75,"href":"https:\/\/bristoltaxiairport.com\/fr\/wp-json\/wp\/v2\/pages\/158\/revisions"}],"predecessor-version":[{"id":26235,"href":"https:\/\/bristoltaxiairport.com\/fr\/wp-json\/wp\/v2\/pages\/158\/revisions\/26235"}],"wp:attachment":[{"href":"https:\/\/bristoltaxiairport.com\/fr\/wp-json\/wp\/v2\/media?parent=158"}],"curies":[{"name":"wp","href":"https:\/\/api.w.org\/{rel}","templated":true}]}}