{"id":158,"date":"2018-12-06T12:49:02","date_gmt":"2018-12-06T12:49:02","guid":{"rendered":"https:\/\/bristoltaxiairport.com\/?page_id=158"},"modified":"2025-08-03T14:10:39","modified_gmt":"2025-08-03T13:10:39","slug":"terms-conditions","status":"publish","type":"page","link":"https:\/\/bristoltaxiairport.com\/it\/termini-condizioni\/","title":{"rendered":"Termini e condizioni"},"content":{"rendered":"<div data-elementor-type=\"wp-post\" data-elementor-id=\"158\" class=\"elementor elementor-158\">\n\t\t\t\t\t\t<section class=\"elementor-section elementor-top-section elementor-element elementor-element-9690a79 elementor-section-boxed elementor-section-height-default elementor-section-height-default\" data-id=\"9690a79\" data-element_type=\"section\" data-e-type=\"section\" data-settings=\"{&quot;background_background&quot;:&quot;classic&quot;}\">\n\t\t\t\t\t\t\t<div class=\"elementor-background-overlay\"><\/div>\n\t\t\t\t\t\t\t<div class=\"elementor-container elementor-column-gap-default\">\n\t\t\t\t\t<div class=\"elementor-column elementor-col-100 elementor-top-column elementor-element elementor-element-69d31e9\" data-id=\"69d31e9\" data-element_type=\"column\" data-e-type=\"column\">\n\t\t\t<div class=\"elementor-widget-wrap elementor-element-populated\">\n\t\t\t\t\t\t<div class=\"elementor-element elementor-element-b3f3576 elementor-widget elementor-widget-image-box\" data-id=\"b3f3576\" data-element_type=\"widget\" data-e-type=\"widget\" data-widget_type=\"image-box.default\">\n\t\t\t\t<div class=\"elementor-widget-container\">\n\t\t\t\t\t<div class=\"elementor-image-box-wrapper\"><div class=\"elementor-image-box-content\"><h1 class=\"elementor-image-box-title\">Terms &amp; Conditions<\/h1><p class=\"elementor-image-box-description\">CONDIZIONI GENERALI DI UTILIZZO DELLA PIATTAFORMA E DEL SERVIZIO CON IL NOME COMMERCIALE \"BRISTOL TAXI AIRPORT\".<\/p><\/div><\/div>\t\t\t\t<\/div>\n\t\t\t\t<\/div>\n\t\t\t\t\t<\/div>\n\t\t<\/div>\n\t\t\t\t\t<\/div>\n\t\t<\/section>\n\t\t\t\t<section class=\"elementor-section elementor-top-section elementor-element elementor-element-956eb93 elementor-section-content-top elementor-section-boxed elementor-section-height-default elementor-section-height-default\" data-id=\"956eb93\" data-element_type=\"section\" data-e-type=\"section\" data-settings=\"{&quot;background_background&quot;:&quot;classic&quot;,&quot;shape_divider_bottom&quot;:&quot;waves&quot;}\">\n\t\t\t\t\t<div class=\"elementor-shape elementor-shape-bottom\" aria-hidden=\"true\" data-negative=\"false\">\n\t\t\t<svg xmlns=\"http:\/\/www.w3.org\/2000\/svg\" viewbox=\"0 0 1000 100\" preserveaspectratio=\"none\">\n\t<path class=\"elementor-shape-fill\" d=\"M421.9,6.5c22.6-2.5,51.5,0.4,75.5,5.3c23.6,4.9,70.9,23.5,100.5,35.7c75.8,32.2,133.7,44.5,192.6,49.7\tc23.6,2.1,48.7,3.5,103.4-2.5c54.7-6,106.2-25.6,106.2-25.6V0H0v30.3c0,0,72,32.6,158.4,30.5c39.2-0.7,92.8-6.7,134-22.4\tc21.2-8.1,52.2-18.2,79.7-24.2C399.3,7.9,411.6,7.5,421.9,6.5z\"\/>\n<\/svg>\t\t<\/div>\n\t\t\t\t\t<div class=\"elementor-container elementor-column-gap-default\">\n\t\t\t\t\t<div class=\"elementor-column elementor-col-50 elementor-top-column elementor-element elementor-element-daf9452\" data-id=\"daf9452\" data-element_type=\"column\" data-e-type=\"column\">\n\t\t\t<div class=\"elementor-widget-wrap elementor-element-populated\">\n\t\t\t\t\t\t<div class=\"elementor-element elementor-element-8cd7d86 elementor-widget elementor-widget-html\" data-id=\"8cd7d86\" data-element_type=\"widget\" data-e-type=\"widget\" data-widget_type=\"html.default\">\n\t\t\t\t<div class=\"elementor-widget-container\">\n\t\t\t\t\t<script src=\"https:\/\/app.farebookings.com\/iframe-resizer\/iframeResizer.min.js\"><\/script><iframe id='myIframe' src=\"https:\/\/app.farebookings.com\/step1ssl.php?k=7775b69d250586d8d6808ab17e4193c2&s=f&d=pp&lng=gb\" width=\"100%\" height=\"2300px\" frameborder=\"0\" scrolling=\"no\"><\/iframe><script>iFrameResize({ log: true }, '#myIframe')<\/script>\t\t\t\t<\/div>\n\t\t\t\t<\/div>\n\t\t\t\t\t<\/div>\n\t\t<\/div>\n\t\t\t\t<div class=\"elementor-column elementor-col-50 elementor-top-column elementor-element elementor-element-d72c8c8\" data-id=\"d72c8c8\" data-element_type=\"column\" data-e-type=\"column\" data-settings=\"{&quot;background_background&quot;:&quot;classic&quot;}\">\n\t\t\t<div class=\"elementor-widget-wrap elementor-element-populated\">\n\t\t\t\t\t\t<div class=\"elementor-element elementor-element-3c4b297 elementor-widget__width-initial elementor-widget elementor-widget-text-editor\" data-id=\"3c4b297\" data-element_type=\"widget\" data-e-type=\"widget\" data-widget_type=\"text-editor.default\">\n\t\t\t\t<div class=\"elementor-widget-container\">\n\t\t\t\t\t\t\t\t\t<div><div>1. Conferma della prenotazione<\/div><p>\u00a0<\/p><div>Una volta effettuato il pagamento, riceverete automaticamente un'e-mail di \"Conferma del viaggio\". \u00c8 responsabilit\u00e0 del cliente assicurarsi che i dettagli del viaggio forniti siano corretti.<\/div><p>\u00a0<\/p><div>Una volta assegnato un autista al vostro viaggio, riceverete manualmente un'e-mail con i \"Dettagli del viaggio\" che include le istruzioni per il ritiro e il numero di contatto dell'autista. bristoltaxiairport.com non \u00e8 responsabile se dimenticate di portare o consultare queste informazioni.<\/div><p>\u00a0<\/p><div>2. Responsabilit\u00e0 per i voli persi<\/div><p>\u00a0<\/p><div>bristoltaxiairport.com non \u00e8 responsabile per i voli persi in qualsiasi circostanza, inclusi, a titolo esemplificativo, ritardi nel traffico, incidenti, guasti ai veicoli, condizioni meteorologiche avverse o eventi imprevisti.<\/div><p>\u00a0<\/p><div>Si consiglia ai passeggeri di pianificare il viaggio in modo da arrivare in aeroporto almeno 2 ore prima della partenza. La scelta di arrivare con meno tempo a disposizione \u00e8 a rischio e pericolo del passeggero.<\/div><p>\u00a0<\/p><div>3. Assicurazione di viaggio e bagagli<\/div><p>\u00a0<\/p><div>Si consiglia ai passeggeri di possedere un'assicurazione di viaggio valida prima della prenotazione.<\/div><p>\u00a0<\/p><div>Non \u00e8 previsto alcun rimborso se il passeggero non attende l'autista assegnato e sceglie un trasporto alternativo.<\/div><p>\u00a0<\/p><div>Non ci assumiamo alcuna responsabilit\u00e0 se il numero di passeggeri o di bagagli supera la capacit\u00e0 del veicolo prenotato. In caso di dubbi, contattate il nostro servizio clienti.<\/div><p>\u00a0<\/p><div>4. Ritardi e informazioni sugli arrivi dei voli<\/div><p>\u00a0<\/p><div>Si prega di indicare l'ora e la data di arrivo nel Regno Unito, non l'ora di partenza.<\/div><p>\u00a0<\/p><div>In caso di ritardi o modifiche significative del volo, il cliente deve informare immediatamente il nostro team o l'autista assegnato e assicurarsi di ricevere una conferma da parte nostra. In caso contrario, bristoltaxiairport.com si esime da qualsiasi responsabilit\u00e0 relativa al ritardo.<\/div><p>\u00a0<\/p><div>5. Flotta di veicoli e partner<\/div><p>\u00a0<\/p><div>bristoltaxiairport.com utilizza, ove possibile, veicoli propri. In alcuni casi, collaboriamo con fornitori terzi di fiducia che soddisfano i nostri elevati standard di sicurezza e professionalit\u00e0.<\/div><p>\u00a0<\/p><div>6. Supplementi per festivit\u00e0 ed eventi speciali<\/div><p>\u00a0<\/p><div>Si applica un supplemento 50% tra:<\/div><p>\u00a0<\/p><div>24 dicembre 18:00 - 26 dicembre 23:59<\/div><p>\u00a0<\/p><div>31 dicembre 18:00 - 1 gennaio 23:59<\/div><p>\u00a0<\/p><div>Durante i periodi di grande affluenza o gli eventi speciali possono essere applicati ulteriori supplementi, che verranno comunicati in anticipo.<\/div><p>\u00a0<\/p><div>7. Prezzi e tipi di veicoli<\/div><p>\u00a0<\/p><div>I prezzi vengono calcolati automaticamente in base alla distanza, all'ora del giorno e al numero di passeggeri.<\/div><p>\u00a0<\/p><div>Se il veicolo selezionato non \u00e8 disponibile, ci riserviamo il diritto di passare a un veicolo di categoria superiore senza costi aggiuntivi.<\/div><p>\u00a0<\/p><div>8. Tempi di attesa<\/div><p>\u00a0<\/p><div>Prelievo dall'aeroporto: I primi 60 minuti dopo l'atterraggio sono gratuiti. Successivamente:<\/div><p>\u00a0<\/p><div>Veicoli standard (berlina): \u00a330\/ora pro rata<\/div><p>\u00a0<\/p><div>Executive o minibus: \u00a350\/ora pro rata<\/div><p>\u00a0<\/p><div>Tutte le altre sedi: Viene offerto un periodo di tolleranza di 5 minuti. Poi:<\/div><p>\u00a0<\/p><div>10 sterline per 15 minuti di attesa per tutti i tipi di veicoli.<\/div><p>\u00a0<\/p><div>9. Pedaggi e variazioni di percorso<\/div><p>\u00a0<\/p><div>I pedaggi per i trasferimenti aeroportuali sono inclusi nel prezzo quotato.<\/div><p>\u00a0<\/p><div>Qualsiasi modifica della destinazione o del percorso richiesta dal cliente pu\u00f2 comportare un adeguamento della tariffa.<\/div><p>\u00a0<\/p><div>Se le modifiche introducono pedaggi aggiuntivi, questi saranno aggiunti al costo totale.<\/div><p>\u00a0<\/p><div>10. Modifiche<\/div><p>\u00a0<\/p><div>Tutte le modifiche alla prenotazione devono essere richieste per telefono o via e-mail e sono valide solo dopo aver ricevuto una conferma da parte nostra.<\/div><p>\u00a0<\/p><div>Le modifiche apportate attraverso il conducente non sono accettate o considerate valide.<\/div><p>\u00a0<\/p><div>Se non si riceve una conferma della modifica richiesta, la prenotazione originale rimane in vigore.<\/div><p>\u00a0<\/p><div>11. Cancellazioni e rimborsi<\/div><p>\u00a0<\/p><div>Le cancellazioni sono accettate con un preavviso di almeno 24 ore via e-mail.<\/div><p>\u00a0<\/p><div>A cancellation is valid only once confirmed by us. If you do not receive confirmation, call our emergency line: <a href=\"tel:+447534990415\">+44 7534 990415<\/a>.<\/div><p>\u00a0<\/p><div>Verr\u00e0 applicata una tassa amministrativa pari a 10 sterline o al 10% della tariffa (il maggiore dei due).<\/div><p>\u00a0<\/p><div>Nessun rimborso per:<\/div><p>\u00a0<\/p><div>Mancata presentazione<\/div><p>\u00a0<\/p><div>Cancellazioni con meno di 24 ore di preavviso<\/div><p>\u00a0<\/p><div>Altri casi di rimborso devono essere indirizzati al nostro servizio clienti.<\/div><p>\u00a0<\/p><div>12. Protezione dei dati<\/div><p>\u00a0<\/p><div>Rispettiamo la vostra privacy e proteggiamo i vostri dati ai sensi della normativa GDPR.<\/div><p>\u00a0<\/p><div>Raccogliamo solo i dati necessari per elaborare la prenotazione e fornire il servizio.<\/div><p>\u00a0<\/p><div>I dati possono essere condivisi con terzi solo se necessario per il servizio (ad esempio, con l'autista).<\/div><p>\u00a0<\/p><div>L'utente pu\u00f2 richiedere l'accesso, la correzione o la cancellazione dei propri dati in qualsiasi momento.<\/div><p>\u00a0<\/p><div>13. Limitazione di responsabilit\u00e0<\/div><p>\u00a0<\/p><div>bristoltaxiairport.com non \u00e8 responsabile per perdite indirette, accidentali o conseguenti. La nostra responsabilit\u00e0 \u00e8 limitata all'importo pagato per il servizio in questione.<\/div><p>\u00a0<\/p><div>14. Forza maggiore<\/div><p>\u00a0<\/p><div>Non siamo responsabili di eventuali ritardi o guasti nella fornitura del servizio causati da eventi al di fuori del nostro controllo, come condizioni meteorologiche estreme, disastri naturali, azioni governative, scioperi o altri eventi di forza maggiore.<\/div><p>\u00a0<\/p><div>Per qualsiasi domanda, contattare il nostro team di assistenza all'indirizzo: info@bristoltaxiairport.com.<\/div><\/div>\t\t\t\t\t\t\t\t<\/div>\n\t\t\t\t<\/div>\n\t\t\t\t\t<\/div>\n\t\t<\/div>\n\t\t\t\t\t<\/div>\n\t\t<\/section>\n\t\t\t\t<\/div>","protected":false},"excerpt":{"rendered":"<p>Terms &#038; Conditions GENERAL CONDITIONS OF USE OF THE PLATFORM &amp; SERVICE UNDER THE COMMERCIAL NAME \u201cBRISTOL TAXI AIRPORT\u201d \u20071.\u2060 \u2060Booking Confirmation \u00a0 Upon successful payment, you will automatically receive a &#8220;Journey Acknowledgement&#8221; email. It is your responsibility to ensure that the journey details provided to us are correct. \u00a0 Once a driver has been [&hellip;]<\/p>\n","protected":false},"author":1,"featured_media":0,"parent":0,"menu_order":0,"comment_status":"closed","ping_status":"closed","template":"","meta":{"_uag_custom_page_level_css":"","site-sidebar-layout":"no-sidebar","site-content-layout":"page-builder","ast-site-content-layout":"default","site-content-style":"default","site-sidebar-style":"default","ast-global-header-display":"","ast-banner-title-visibility":"","ast-main-header-display":"","ast-hfb-above-header-display":"","ast-hfb-below-header-display":"","ast-hfb-mobile-header-display":"","site-post-title":"disabled","ast-breadcrumbs-content":"","ast-featured-img":"disabled","footer-sml-layout":"","ast-disable-related-posts":"","theme-transparent-header-meta":"enabled","adv-header-id-meta":"","stick-header-meta":"","header-above-stick-meta":"","header-main-stick-meta":"","header-below-stick-meta":"","astra-migrate-meta-layouts":"default","ast-page-background-enabled":"default","ast-page-background-meta":{"desktop":{"background-color":"var(--ast-global-color-4)","background-image":"","background-repeat":"repeat","background-position":"center center","background-size":"auto","background-attachment":"scroll","background-type":"","background-media":"","overlay-type":"","overlay-color":"","overlay-opacity":"","overlay-gradient":""},"tablet":{"background-color":"","background-image":"","background-repeat":"repeat","background-position":"center center","background-size":"auto","background-attachment":"scroll","background-type":"","background-media":"","overlay-type":"","overlay-color":"","overlay-opacity":"","overlay-gradient":""},"mobile":{"background-color":"","background-image":"","background-repeat":"repeat","background-position":"center center","background-size":"auto","background-attachment":"scroll","background-type":"","background-media":"","overlay-type":"","overlay-color":"","overlay-opacity":"","overlay-gradient":""}},"ast-content-background-meta":{"desktop":{"background-color":"var(--ast-global-color-5)","background-image":"","background-repeat":"repeat","background-position":"center center","background-size":"auto","background-attachment":"scroll","background-type":"","background-media":"","overlay-type":"","overlay-color":"","overlay-opacity":"","overlay-gradient":""},"tablet":{"background-color":"var(--ast-global-color-5)","background-image":"","background-repeat":"repeat","background-position":"center center","background-size":"auto","background-attachment":"scroll","background-type":"","background-media":"","overlay-type":"","overlay-color":"","overlay-opacity":"","overlay-gradient":""},"mobile":{"background-color":"var(--ast-global-color-5)","background-image":"","background-repeat":"repeat","background-position":"center center","background-size":"auto","background-attachment":"scroll","background-type":"","background-media":"","overlay-type":"","overlay-color":"","overlay-opacity":"","overlay-gradient":""}},"footnotes":""},"class_list":["post-158","page","type-page","status-publish","hentry"],"uagb_featured_image_src":{"full":false,"thumbnail":false,"medium":false,"medium_large":false,"large":false,"1536x1536":false,"2048x2048":false,"trp-custom-language-flag":false},"uagb_author_info":{"display_name":"admin","author_link":"https:\/\/bristoltaxiairport.com\/it\/author\/farebookingsgmail-com\/"},"uagb_comment_info":0,"uagb_excerpt":"Terms &#038; Conditions GENERAL CONDITIONS OF USE OF THE PLATFORM &amp; SERVICE UNDER THE COMMERCIAL NAME \u201cBRISTOL TAXI AIRPORT\u201d \u20071.\u2060 \u2060Booking Confirmation \u00a0 Upon successful payment, you will automatically receive a &#8220;Journey Acknowledgement&#8221; email. It is your responsibility to ensure that the journey details provided to us are correct. \u00a0 Once a driver has been&hellip;","_links":{"self":[{"href":"https:\/\/bristoltaxiairport.com\/it\/wp-json\/wp\/v2\/pages\/158","targetHints":{"allow":["GET"]}}],"collection":[{"href":"https:\/\/bristoltaxiairport.com\/it\/wp-json\/wp\/v2\/pages"}],"about":[{"href":"https:\/\/bristoltaxiairport.com\/it\/wp-json\/wp\/v2\/types\/page"}],"author":[{"embeddable":true,"href":"https:\/\/bristoltaxiairport.com\/it\/wp-json\/wp\/v2\/users\/1"}],"replies":[{"embeddable":true,"href":"https:\/\/bristoltaxiairport.com\/it\/wp-json\/wp\/v2\/comments?post=158"}],"version-history":[{"count":75,"href":"https:\/\/bristoltaxiairport.com\/it\/wp-json\/wp\/v2\/pages\/158\/revisions"}],"predecessor-version":[{"id":26235,"href":"https:\/\/bristoltaxiairport.com\/it\/wp-json\/wp\/v2\/pages\/158\/revisions\/26235"}],"wp:attachment":[{"href":"https:\/\/bristoltaxiairport.com\/it\/wp-json\/wp\/v2\/media?parent=158"}],"curies":[{"name":"wp","href":"https:\/\/api.w.org\/{rel}","templated":true}]}}