{"id":25998,"date":"2023-10-30T08:35:09","date_gmt":"2023-10-30T07:35:09","guid":{"rendered":"https:\/\/bristoltaxiairport.com\/?page_id=25998"},"modified":"2026-05-14T18:56:34","modified_gmt":"2026-05-14T17:56:34","slug":"thank-you","status":"publish","type":"page","link":"https:\/\/bristoltaxiairport.com\/it\/grazie\/","title":{"rendered":"Grazie"},"content":{"rendered":"<div data-elementor-type=\"wp-post\" data-elementor-id=\"25998\" class=\"elementor elementor-25998\">\n\t\t\t\t\t\t<section class=\"elementor-section elementor-top-section elementor-element elementor-element-9690a79 elementor-section-boxed elementor-section-height-default elementor-section-height-default\" data-id=\"9690a79\" data-element_type=\"section\" data-e-type=\"section\" data-settings=\"{&quot;background_background&quot;:&quot;classic&quot;}\">\n\t\t\t\t\t\t\t<div class=\"elementor-background-overlay\"><\/div>\n\t\t\t\t\t\t\t<div class=\"elementor-container elementor-column-gap-default\">\n\t\t\t\t\t<div class=\"elementor-column elementor-col-100 elementor-top-column elementor-element elementor-element-69d31e9\" data-id=\"69d31e9\" data-element_type=\"column\" data-e-type=\"column\">\n\t\t\t<div class=\"elementor-widget-wrap elementor-element-populated\">\n\t\t\t\t\t\t<div class=\"elementor-element elementor-element-b3f3576 elementor-widget elementor-widget-image-box\" data-id=\"b3f3576\" data-element_type=\"widget\" data-e-type=\"widget\" data-widget_type=\"image-box.default\">\n\t\t\t\t<div class=\"elementor-widget-container\">\n\t\t\t\t\t<div class=\"elementor-image-box-wrapper\"><div class=\"elementor-image-box-content\"><h1 class=\"elementor-image-box-title\">Grazie<\/h1><p class=\"elementor-image-box-description\">Non vediamo l'ora di darvi il benvenuto e di farvi vivere un'esperienza indimenticabile. Se avete bisogno di qualcos'altro, fatecelo sapere.<\/p><\/div><\/div>\t\t\t\t<\/div>\n\t\t\t\t<\/div>\n\t\t\t\t\t<\/div>\n\t\t<\/div>\n\t\t\t\t\t<\/div>\n\t\t<\/section>\n\t\t\t\t<section class=\"elementor-section elementor-top-section elementor-element elementor-element-956eb93 elementor-section-content-top elementor-section-boxed elementor-section-height-default elementor-section-height-default\" data-id=\"956eb93\" data-element_type=\"section\" data-e-type=\"section\" data-settings=\"{&quot;background_background&quot;:&quot;classic&quot;,&quot;shape_divider_bottom&quot;:&quot;waves&quot;}\">\n\t\t\t\t\t<div class=\"elementor-shape elementor-shape-bottom\" aria-hidden=\"true\" data-negative=\"false\">\n\t\t\t<svg xmlns=\"http:\/\/www.w3.org\/2000\/svg\" viewbox=\"0 0 1000 100\" preserveaspectratio=\"none\">\n\t<path class=\"elementor-shape-fill\" d=\"M421.9,6.5c22.6-2.5,51.5,0.4,75.5,5.3c23.6,4.9,70.9,23.5,100.5,35.7c75.8,32.2,133.7,44.5,192.6,49.7\tc23.6,2.1,48.7,3.5,103.4-2.5c54.7-6,106.2-25.6,106.2-25.6V0H0v30.3c0,0,72,32.6,158.4,30.5c39.2-0.7,92.8-6.7,134-22.4\tc21.2-8.1,52.2-18.2,79.7-24.2C399.3,7.9,411.6,7.5,421.9,6.5z\"\/>\n<\/svg>\t\t<\/div>\n\t\t\t\t\t<div class=\"elementor-container elementor-column-gap-default\">\n\t\t\t\t\t<div class=\"elementor-column elementor-col-50 elementor-top-column elementor-element elementor-element-daf9452\" data-id=\"daf9452\" data-element_type=\"column\" data-e-type=\"column\">\n\t\t\t<div class=\"elementor-widget-wrap elementor-element-populated\">\n\t\t\t\t\t\t<div class=\"elementor-element elementor-element-8cd7d86 elementor-widget elementor-widget-html\" data-id=\"8cd7d86\" data-element_type=\"widget\" data-e-type=\"widget\" data-widget_type=\"html.default\">\n\t\t\t\t<div class=\"elementor-widget-container\">\n\t\t\t\t\t<script src=\"https:\/\/app.farebookings.com\/iframe-resizer\/iframeResizer.min.js\"><\/script><iframe id='myIframe' src=\"https:\/\/app.farebookings.com\/step1ssl.php?k=7775b69d250586d8d6808ab17e4193c2&s=f&d=pp&lng=gb\" width=\"100%\" height=\"2300px\" frameborder=\"0\" scrolling=\"no\"><\/iframe><script>iFrameResize({ log: true }, '#myIframe')<\/script>\t\t\t\t<\/div>\n\t\t\t\t<\/div>\n\t\t\t\t\t<\/div>\n\t\t<\/div>\n\t\t\t\t<div class=\"elementor-column elementor-col-50 elementor-top-column elementor-element elementor-element-d72c8c8\" data-id=\"d72c8c8\" data-element_type=\"column\" data-e-type=\"column\" data-settings=\"{&quot;background_background&quot;:&quot;classic&quot;}\">\n\t\t\t<div class=\"elementor-widget-wrap elementor-element-populated\">\n\t\t\t\t\t\t<div class=\"elementor-element elementor-element-3c4b297 elementor-widget__width-initial elementor-widget elementor-widget-text-editor\" data-id=\"3c4b297\" data-element_type=\"widget\" data-e-type=\"widget\" data-widget_type=\"text-editor.default\">\n\t\t\t\t<div class=\"elementor-widget-container\">\n\t\t\t\t\t\t\t\t\t<p><b>Gentile cliente<\/b>,<\/p><p>Le porgiamo il nostro pi\u00f9 sincero apprezzamento per aver scelto Bristol Airport Taxi per la sua recente prenotazione. Siamo molto orgogliosi di avere il privilegio di essere il vostro fornitore di servizi di trasporto, assicurandovi un viaggio senza interruzioni dall'aeroporto di Bristol alla vostra destinazione.<\/p><p>La vostra fiducia in Bristol Airport Taxi ha un grande significato per noi e apprezziamo sinceramente l'opportunit\u00e0 di soddisfare le vostre esigenze di viaggio. Il nostro impegno consiste nel fornire i pi\u00f9 alti standard di comfort, convenienza e professionalit\u00e0, con la vostra completa soddisfazione come obiettivo primario.<\/p><p>Siamo certi che il nostro team dedicato non solo ha soddisfatto, ma ha superato le vostre aspettative durante la vostra esperienza con Bristol Airport Taxi. Il vostro prezioso feedback e le vostre osservazioni positive continuano ad alimentare il nostro impegno a mantenere e migliorare i nostri eccezionali standard di servizio.<\/p><p>Non esitate a contattarci se avete altre esigenze o se c'\u00e8 qualcos'altro che Bristol Airport Taxi pu\u00f2 fare per migliorare la vostra esperienza di viaggio. Il vostro patrocinio \u00e8 molto apprezzato e noi siamo fermamente intenzionati a rendere i vostri futuri viaggi il pi\u00f9 possibile piacevoli e senza problemi.<\/p><p>Ancora una volta, grazie per aver affidato a Bristol Airport Taxi le vostre esigenze di trasporto. Non vediamo l'ora di avere il privilegio di servirvi di nuovo nel prossimo futuro.<\/p><p>Cordiali saluti,<br \/>Taxi aeroporto di Bristol<\/p>\t\t\t\t\t\t\t\t<\/div>\n\t\t\t\t<\/div>\n\t\t\t\t\t<\/div>\n\t\t<\/div>\n\t\t\t\t\t<\/div>\n\t\t<\/section>\n\t\t\t\t<\/div>","protected":false},"excerpt":{"rendered":"<p>Thank you We can&#8217;t wait to welcome you and provide you with an unforgettable experience. If there&#8217;s anything else you need, please let us know. Dear Customer, We extend our sincerest appreciation for selecting Bristol Airport Taxi for your recent reservation. We take immense pride in having the privilege of being your chosen transportation provider, [&hellip;]<\/p>\n","protected":false},"author":1,"featured_media":0,"parent":0,"menu_order":0,"comment_status":"closed","ping_status":"closed","template":"","meta":{"_uag_custom_page_level_css":"","site-sidebar-layout":"no-sidebar","site-content-layout":"page-builder","ast-site-content-layout":"full-width-container","site-content-style":"unboxed","site-sidebar-style":"unboxed","ast-global-header-display":"","ast-banner-title-visibility":"","ast-main-header-display":"","ast-hfb-above-header-display":"","ast-hfb-below-header-display":"","ast-hfb-mobile-header-display":"","site-post-title":"disabled","ast-breadcrumbs-content":"","ast-featured-img":"disabled","footer-sml-layout":"","ast-disable-related-posts":"","theme-transparent-header-meta":"enabled","adv-header-id-meta":"","stick-header-meta":"","header-above-stick-meta":"","header-main-stick-meta":"","header-below-stick-meta":"","astra-migrate-meta-layouts":"set","ast-page-background-enabled":"default","ast-page-background-meta":{"desktop":{"background-color":"var(--ast-global-color-4)","background-image":"","background-repeat":"repeat","background-position":"center center","background-size":"auto","background-attachment":"scroll","background-type":"","background-media":"","overlay-type":"","overlay-color":"","overlay-opacity":"","overlay-gradient":""},"tablet":{"background-color":"","background-image":"","background-repeat":"repeat","background-position":"center center","background-size":"auto","background-attachment":"scroll","background-type":"","background-media":"","overlay-type":"","overlay-color":"","overlay-opacity":"","overlay-gradient":""},"mobile":{"background-color":"","background-image":"","background-repeat":"repeat","background-position":"center center","background-size":"auto","background-attachment":"scroll","background-type":"","background-media":"","overlay-type":"","overlay-color":"","overlay-opacity":"","overlay-gradient":""}},"ast-content-background-meta":{"desktop":{"background-color":"var(--ast-global-color-5)","background-image":"","background-repeat":"repeat","background-position":"center center","background-size":"auto","background-attachment":"scroll","background-type":"","background-media":"","overlay-type":"","overlay-color":"","overlay-opacity":"","overlay-gradient":""},"tablet":{"background-color":"var(--ast-global-color-5)","background-image":"","background-repeat":"repeat","background-position":"center center","background-size":"auto","background-attachment":"scroll","background-type":"","background-media":"","overlay-type":"","overlay-color":"","overlay-opacity":"","overlay-gradient":""},"mobile":{"background-color":"var(--ast-global-color-5)","background-image":"","background-repeat":"repeat","background-position":"center center","background-size":"auto","background-attachment":"scroll","background-type":"","background-media":"","overlay-type":"","overlay-color":"","overlay-opacity":"","overlay-gradient":""}},"footnotes":""},"class_list":["post-25998","page","type-page","status-publish","hentry"],"uagb_featured_image_src":{"full":false,"thumbnail":false,"medium":false,"medium_large":false,"large":false,"1536x1536":false,"2048x2048":false,"trp-custom-language-flag":false},"uagb_author_info":{"display_name":"admin","author_link":"https:\/\/bristoltaxiairport.com\/it\/author\/farebookingsgmail-com\/"},"uagb_comment_info":0,"uagb_excerpt":"Thank you We can&#8217;t wait to welcome you and provide you with an unforgettable experience. If there&#8217;s anything else you need, please let us know. Dear Customer, We extend our sincerest appreciation for selecting Bristol Airport Taxi for your recent reservation. We take immense pride in having the privilege of being your chosen transportation provider,&hellip;","_links":{"self":[{"href":"https:\/\/bristoltaxiairport.com\/it\/wp-json\/wp\/v2\/pages\/25998","targetHints":{"allow":["GET"]}}],"collection":[{"href":"https:\/\/bristoltaxiairport.com\/it\/wp-json\/wp\/v2\/pages"}],"about":[{"href":"https:\/\/bristoltaxiairport.com\/it\/wp-json\/wp\/v2\/types\/page"}],"author":[{"embeddable":true,"href":"https:\/\/bristoltaxiairport.com\/it\/wp-json\/wp\/v2\/users\/1"}],"replies":[{"embeddable":true,"href":"https:\/\/bristoltaxiairport.com\/it\/wp-json\/wp\/v2\/comments?post=25998"}],"version-history":[{"count":29,"href":"https:\/\/bristoltaxiairport.com\/it\/wp-json\/wp\/v2\/pages\/25998\/revisions"}],"predecessor-version":[{"id":26286,"href":"https:\/\/bristoltaxiairport.com\/it\/wp-json\/wp\/v2\/pages\/25998\/revisions\/26286"}],"wp:attachment":[{"href":"https:\/\/bristoltaxiairport.com\/it\/wp-json\/wp\/v2\/media?parent=25998"}],"curies":[{"name":"wp","href":"https:\/\/api.w.org\/{rel}","templated":true}]}}